{"id":4,"date":"2015-04-11T00:01:11","date_gmt":"2015-04-11T00:01:11","guid":{"rendered":"http:\/\/reinaldovelloso.blog.br\/?page_id=4"},"modified":"2020-10-23T01:27:50","modified_gmt":"2020-10-22T22:27:50","slug":"sobre-o-autor-e-o-blog","status":"publish","type":"page","link":"http:\/\/www.reinaldovelloso.blog.br\/?page_id=4","title":{"rendered":"Sobre o autor e o blog"},"content":{"rendered":"<p><a href=\"http:\/\/reinaldovelloso.blog.br\/wp-content\/uploads\/2015\/04\/Reinaldo-Velloso-dos-Santos.jpg\"><img loading=\"lazy\" class=\"alignnone size-medium wp-image-8\" src=\"http:\/\/reinaldovelloso.blog.br\/wp-content\/uploads\/2015\/04\/Reinaldo-Velloso-dos-Santos-225x300.jpg\" alt=\"Reinaldo Velloso dos Santos\" width=\"225\" height=\"300\" srcset=\"http:\/\/www.reinaldovelloso.blog.br\/wp-content\/uploads\/2015\/04\/Reinaldo-Velloso-dos-Santos-225x300.jpg 225w, http:\/\/www.reinaldovelloso.blog.br\/wp-content\/uploads\/2015\/04\/Reinaldo-Velloso-dos-Santos-768x1024.jpg 768w, http:\/\/www.reinaldovelloso.blog.br\/wp-content\/uploads\/2015\/04\/Reinaldo-Velloso-dos-Santos.jpg 1801w\" sizes=\"(max-width: 225px) 100vw, 225px\" \/><\/a><\/p>\n<p><strong>Reinaldo Velloso dos Santos<\/strong> \u00e9 tabeli\u00e3o, Mestre e Doutor em Direito Comercial pela Universidade de S\u00e3o Paulo. Tamb\u00e9m coordena o Grupo de Pesquisa e Produ\u00e7\u00e3o Cient\u00edfica &#8220;Tabelionato de Protesto&#8221; da Escola Nacional de Not\u00e1rios e Registradores &#8211; ENNOR.<\/p>\n<p style=\"text-align: justify;\">Ingressou na atividade em\u00a0abril de 2000, ap\u00f3s aprova\u00e7\u00e3o no 1\u00ba Concurso P\u00fablico de Provas e T\u00edtulos para Outorga das Delega\u00e7\u00f5es de Notas e de Registro do Estado de S\u00e3o Paulo, tendo exercido a delega\u00e7\u00e3o de\u00a0Oficial de Registro Civil das Pessoas Naturais do 2\u00ba Subdistrito &#8211; Liberdade, na Capital. Em 2005, ap\u00f3s nova aprova\u00e7\u00e3o em concurso p\u00fablico, assumiu a delega\u00e7\u00e3o de 3\u00ba Tabeli\u00e3o de Protesto de Letras e \u00a0T\u00edtulos de Campinas.<\/p>\n<p style=\"text-align: left;\">Curr\u00edculo dispon\u00edvel na Plataforma Lattes, do CNPq, pelo link <a title=\"http:\/\/lattes.cnpq.br\/2734300570351149\" href=\"http:\/\/lattes.cnpq.br\/2734300570351149\" target=\"_blank\" rel=\"noopener noreferrer\">http:\/\/lattes.cnpq.br\/2734300570351149<\/a>.<\/p>\n<p style=\"text-align: justify;\">Al\u00e9m de atualidades na \u00e1rea notarial e registral, o blog cont\u00e9m uma sele\u00e7\u00e3o do material catalogado ao longo da carreira do autor, como decis\u00f5es administrativas, pareceres, jurisprud\u00eancia, legisla\u00e7\u00e3o e atos normativos.<\/p>\n<p style=\"text-align: justify;\">Tamb\u00e9m est\u00e3o dispon\u00edveis no blog as provas dos concursos realizados no Estado de S\u00e3o Paulo a partir da vig\u00eancia da Lei n\u00ba 8.935\/1994, al\u00e9m de links de interesse para estudiosos do Direito Notarial e Registral.<\/p>\n<p>\u00a0<\/p>\n<p><strong>N\u00e3o deixe tamb\u00e9m de visitar o site <a title=\"reinaldovelloso.not.br\" href=\"http:\/\/reinaldovelloso.not.br\" target=\"_blank\" rel=\"noopener noreferrer\">reinaldovelloso.not.br<\/a>!<\/strong><\/p>\n<p>Nesse site est\u00e3o dispon\u00edveis\u00a0artigos e entrevistas do autor, al\u00e9m da disserta\u00e7\u00e3o de mestrado &#8220;Apontamentos sobre o protesto notarial&#8221;, de 2012, e do livro &#8220;Registro Civil das Pessoas Naturais&#8221;, de 2005.<\/p>\n<p>\u00a0<\/p>\n<p><a href=\"http:\/\/reinaldovelloso.blog.br\/wp-content\/uploads\/2015\/04\/reinaldo-velloso-.not-.br_.bmp\"><img loading=\"lazy\" class=\"alignnone  wp-image-196\" src=\"http:\/\/reinaldovelloso.blog.br\/wp-content\/uploads\/2015\/04\/reinaldo-velloso-.not-.br_.bmp\" alt=\"reinaldo velloso .not .br\" width=\"656\" height=\"437\" \/><\/a><\/p>\n<p>\u00a0<\/p>\n\n\n<p><\/p>\n","protected":false},"excerpt":{"rendered":"<p>Reinaldo Velloso dos Santos \u00e9 tabeli\u00e3o, Mestre e Doutor em Direito Comercial pela Universidade de S\u00e3o Paulo. Tamb\u00e9m coordena o Grupo de Pesquisa e Produ\u00e7\u00e3o Cient\u00edfica &#8220;Tabelionato de Protesto&#8221; da Escola Nacional de Not\u00e1rios e Registradores &#8211; ENNOR. Ingressou na&hellip; <a href=\"http:\/\/www.reinaldovelloso.blog.br\/?page_id=4\" class=\"more-link\">Continue Reading <span class=\"meta-nav\">&rarr;<\/span><\/a><\/p>\n","protected":false},"author":1,"featured_media":0,"parent":0,"menu_order":0,"comment_status":"open","ping_status":"open","template":"","meta":[],"_links":{"self":[{"href":"http:\/\/www.reinaldovelloso.blog.br\/index.php?rest_route=\/wp\/v2\/pages\/4"}],"collection":[{"href":"http:\/\/www.reinaldovelloso.blog.br\/index.php?rest_route=\/wp\/v2\/pages"}],"about":[{"href":"http:\/\/www.reinaldovelloso.blog.br\/index.php?rest_route=\/wp\/v2\/types\/page"}],"author":[{"embeddable":true,"href":"http:\/\/www.reinaldovelloso.blog.br\/index.php?rest_route=\/wp\/v2\/users\/1"}],"replies":[{"embeddable":true,"href":"http:\/\/www.reinaldovelloso.blog.br\/index.php?rest_route=%2Fwp%2Fv2%2Fcomments&post=4"}],"version-history":[{"count":17,"href":"http:\/\/www.reinaldovelloso.blog.br\/index.php?rest_route=\/wp\/v2\/pages\/4\/revisions"}],"predecessor-version":[{"id":1099,"href":"http:\/\/www.reinaldovelloso.blog.br\/index.php?rest_route=\/wp\/v2\/pages\/4\/revisions\/1099"}],"wp:attachment":[{"href":"http:\/\/www.reinaldovelloso.blog.br\/index.php?rest_route=%2Fwp%2Fv2%2Fmedia&parent=4"}],"curies":[{"name":"wp","href":"https:\/\/api.w.org\/{rel}","templated":true}]}}